


{"id":6896,"date":"2025-11-20T22:30:10","date_gmt":"2025-11-20T22:30:10","guid":{"rendered":"https:\/\/cvsm.belmas.com.br\/contacts\/"},"modified":"2026-03-11T16:19:14","modified_gmt":"2026-03-11T16:19:14","slug":"contacts","status":"publish","type":"page","link":"https:\/\/cvsm.belmas.com.br\/en\/contacts\/","title":{"rendered":"Contacts"},"content":{"rendered":"\t\t<div data-elementor-type=\"wp-page\" data-elementor-id=\"6896\" class=\"elementor elementor-6896 elementor-5611\" data-elementor-post-type=\"page\">\n\t\t\t\t<div class=\"elementor-element elementor-element-17f4544 e-flex e-con-boxed sc_layouts_column_icons_position_left e-con e-parent\" data-id=\"17f4544\" data-element_type=\"container\" data-e-type=\"container\">\n\t\t\t\t\t<div class=\"e-con-inner\">\n\t\t<div class=\"elementor-element elementor-element-50bc89c e-con-full e-flex sc_layouts_column_icons_position_left e-con e-child\" data-id=\"50bc89c\" data-element_type=\"container\" data-e-type=\"container\">\n\t\t<div class=\"elementor-element elementor-element-0d6cbbf e-con-full e-flex sc_layouts_column_icons_position_left e-con e-child\" data-id=\"0d6cbbf\" data-element_type=\"container\" data-e-type=\"container\">\n\t\t\t\t<div data-animation-type=\"block\" class=\"elementor-element elementor-element-a0c4e03 elementor-widget__width-initial elementor-widget-mobile__width-inherit animation_type_block sc_fly_static elementor-invisible elementor-widget elementor-widget-heading\" data-id=\"a0c4e03\" data-element_type=\"widget\" data-e-type=\"widget\" data-settings=\"{&quot;_animation&quot;:&quot;ta_fadeinup&quot;}\" data-widget_type=\"heading.default\">\n\t\t\t\t<div class=\"elementor-widget-container\">\n\t\t\t\t\t<h1 class=\"elementor-heading-title elementor-size-default\">We are always available\nto assist you.\n<\/h1>\t\t\t\t<\/div>\n\t\t\t\t<\/div>\n\t\t\t\t<\/div>\n\t\t<div data-animation-type=\"block\" class=\"elementor-element elementor-element-5611983 e-con-full e-flex sc_layouts_column_icons_position_left animation_type_block elementor-invisible e-con e-child\" data-id=\"5611983\" data-element_type=\"container\" data-e-type=\"container\" data-settings=\"{&quot;animation&quot;:&quot;ta_fadeinup&quot;}\">\n\t\t<div class=\"elementor-element elementor-element-3caaa8f e-con-full e-flex sc_layouts_column_icons_position_left e-con e-child\" data-id=\"3caaa8f\" data-element_type=\"container\" data-e-type=\"container\">\n\t\t\t\t<div class=\"elementor-element elementor-element-7e7d9ad sc_fly_static elementor-widget elementor-widget-heading\" data-id=\"7e7d9ad\" data-element_type=\"widget\" data-e-type=\"widget\" data-widget_type=\"heading.default\">\n\t\t\t\t<div class=\"elementor-widget-container\">\n\t\t\t\t\t<h2 class=\"elementor-heading-title elementor-size-default\">Address<\/h2>\t\t\t\t<\/div>\n\t\t\t\t<\/div>\n\t\t\t\t<div class=\"elementor-element elementor-element-9df6577 elementor-widget-divider--view-line sc_fly_static elementor-widget elementor-widget-divider\" data-id=\"9df6577\" data-element_type=\"widget\" data-e-type=\"widget\" data-widget_type=\"divider.default\">\n\t\t\t\t<div class=\"elementor-widget-container\">\n\t\t\t\t\t\t\t<div class=\"elementor-divider\">\n\t\t\t<span class=\"elementor-divider-separator\">\n\t\t\t\t\t\t<\/span>\n\t\t<\/div>\n\t\t\t\t\t\t<\/div>\n\t\t\t\t<\/div>\n\t\t\t\t<div class=\"elementor-element elementor-element-b8e9040 sc_fly_static elementor-widget elementor-widget-text-editor\" data-id=\"b8e9040\" data-element_type=\"widget\" data-e-type=\"widget\" data-widget_type=\"text-editor.default\">\n\t\t\t\t<div class=\"elementor-widget-container\">\n\t\t\t\t\t\t\t\t\t<p>Rua das Merc\u00eas, 29<br>9560-404 Atalhada<br>Lagoa, A\u00e7ores<\/p>\t\t\t\t\t\t\t\t<\/div>\n\t\t\t\t<\/div>\n\t\t\t\t<\/div>\n\t\t<div class=\"elementor-element elementor-element-a4df228 e-con-full e-flex sc_layouts_column_icons_position_left e-con e-child\" data-id=\"a4df228\" data-element_type=\"container\" data-e-type=\"container\">\n\t\t\t\t<div class=\"elementor-element elementor-element-0e9159e sc_fly_static elementor-widget elementor-widget-heading\" data-id=\"0e9159e\" data-element_type=\"widget\" data-e-type=\"widget\" data-widget_type=\"heading.default\">\n\t\t\t\t<div class=\"elementor-widget-container\">\n\t\t\t\t\t<h2 class=\"elementor-heading-title elementor-size-default\">Opening hours<\/h2>\t\t\t\t<\/div>\n\t\t\t\t<\/div>\n\t\t\t\t<div class=\"elementor-element elementor-element-8244a81 elementor-widget-divider--view-line sc_fly_static elementor-widget elementor-widget-divider\" data-id=\"8244a81\" data-element_type=\"widget\" data-e-type=\"widget\" data-widget_type=\"divider.default\">\n\t\t\t\t<div class=\"elementor-widget-container\">\n\t\t\t\t\t\t\t<div class=\"elementor-divider\">\n\t\t\t<span class=\"elementor-divider-separator\">\n\t\t\t\t\t\t<\/span>\n\t\t<\/div>\n\t\t\t\t\t\t<\/div>\n\t\t\t\t<\/div>\n\t\t\t\t<div class=\"elementor-element elementor-element-dcaf978 sc_fly_static elementor-widget elementor-widget-text-editor\" data-id=\"dcaf978\" data-element_type=\"widget\" data-e-type=\"widget\" data-widget_type=\"text-editor.default\">\n\t\t\t\t<div class=\"elementor-widget-container\">\n\t\t\t\t\t\t\t\t\t<p>Mon. to Fri: 10 AM &#8211; 7 PM<br>Saturday: 10 AM to 1 PM<br>Sunday: Closed<\/p>\t\t\t\t\t\t\t\t<\/div>\n\t\t\t\t<\/div>\n\t\t\t\t<\/div>\n\t\t\t\t<\/div>\n\t\t\t\t<\/div>\n\t\t<div class=\"elementor-element elementor-element-386b589 e-con-full e-flex sc_layouts_column_icons_position_left e-con e-child\" data-id=\"386b589\" data-element_type=\"container\" data-e-type=\"container\">\n\t\t<div class=\"elementor-element elementor-element-e8649c1 e-con-full e-flex sc_layouts_column_icons_position_left e-con e-child\" data-id=\"e8649c1\" data-element_type=\"container\" data-e-type=\"container\" id=\"marque-ja\">\n\t\t<div data-animation-type=\"block\" class=\"elementor-element elementor-element-fe3de85 e-con-full e-flex sc_layouts_column_icons_position_left animation_type_block elementor-invisible e-con e-child\" data-id=\"fe3de85\" data-element_type=\"container\" data-e-type=\"container\" data-settings=\"{&quot;animation&quot;:&quot;ta_fadeinup&quot;,&quot;animation_delay&quot;:100}\">\n\t\t\t\t<div class=\"elementor-element elementor-element-356c77e sc_fly_static elementor-widget elementor-widget-heading\" data-id=\"356c77e\" data-element_type=\"widget\" data-e-type=\"widget\" data-widget_type=\"heading.default\">\n\t\t\t\t<div class=\"elementor-widget-container\">\n\t\t\t\t\t<h3 class=\"elementor-heading-title elementor-size-default\">Contact  <span style=\"color: #FCB03C\">Us<\/span><\/h3>\t\t\t\t<\/div>\n\t\t\t\t<\/div>\n\t\t\t\t<div class=\"elementor-element elementor-element-c87514d sc_fly_static elementor-widget elementor-widget-text-editor\" data-id=\"c87514d\" data-element_type=\"widget\" data-e-type=\"widget\" data-widget_type=\"text-editor.default\">\n\t\t\t\t<div class=\"elementor-widget-container\">\n\t\t\t\t\t\t\t\t\t<p>Please fill in the form below to contact us. Our team will respond as soon as possible. <\/p>\t\t\t\t\t\t\t\t<\/div>\n\t\t\t\t<\/div>\n\t\t\t\t<div class=\"elementor-element elementor-element-4b2bc20 elementor-button-align-stretch sc_fly_static elementor-widget elementor-widget-form\" data-id=\"4b2bc20\" data-element_type=\"widget\" data-e-type=\"widget\" data-settings=\"{&quot;step_next_label&quot;:&quot;Next&quot;,&quot;step_previous_label&quot;:&quot;Previous&quot;,&quot;button_width&quot;:&quot;100&quot;,&quot;step_type&quot;:&quot;number_text&quot;,&quot;step_icon_shape&quot;:&quot;circle&quot;}\" data-widget_type=\"form.default\">\n\t\t\t\t<div class=\"elementor-widget-container\">\n\t\t\t\t\t\t\t<form class=\"elementor-form\" method=\"post\" name=\"Contacts\" aria-label=\"Contacts\">\n\t\t\t<input type=\"hidden\" name=\"post_id\" value=\"6896\"\/>\n\t\t\t<input type=\"hidden\" name=\"form_id\" value=\"4b2bc20\"\/>\n\t\t\t<input type=\"hidden\" name=\"referer_title\" value=\"Contacts - Cl\u00ednica Veterin\u00e1ria S\u00e3o Miguel\" \/>\n\n\t\t\t\t\t\t\t<input type=\"hidden\" name=\"queried_id\" value=\"6896\"\/>\n\t\t\t\n\t\t\t<div class=\"elementor-form-fields-wrapper elementor-labels-\">\n\t\t\t\t\t\t\t\t<div class=\"elementor-field-type-text elementor-field-group elementor-column elementor-field-group-name elementor-col-100 elementor-field-required\">\n\t\t\t\t\t\t\t\t\t\t\t\t<label for=\"form-field-name\" class=\"elementor-field-label elementor-screen-only\">\n\t\t\t\t\t\t\t\tName\t\t\t\t\t\t\t<\/label>\n\t\t\t\t\t\t\t\t\t\t\t\t\t\t<input size=\"1\" type=\"text\" name=\"form_fields[name]\" id=\"form-field-name\" class=\"elementor-field elementor-size-sm  elementor-field-textual\" placeholder=\"Name\" required=\"required\">\n\t\t\t\t\t\t\t\t\t\t\t<\/div>\n\t\t\t\t\t\t\t\t<div class=\"elementor-field-type-email elementor-field-group elementor-column elementor-field-group-email elementor-col-100 elementor-field-required\">\n\t\t\t\t\t\t\t\t\t\t\t\t<label for=\"form-field-email\" class=\"elementor-field-label elementor-screen-only\">\n\t\t\t\t\t\t\t\tEmail\t\t\t\t\t\t\t<\/label>\n\t\t\t\t\t\t\t\t\t\t\t\t\t\t<input size=\"1\" type=\"email\" name=\"form_fields[email]\" id=\"form-field-email\" class=\"elementor-field elementor-size-sm  elementor-field-textual\" placeholder=\"Email\" required=\"required\">\n\t\t\t\t\t\t\t\t\t\t\t<\/div>\n\t\t\t\t\t\t\t\t<div class=\"elementor-field-type-tel elementor-field-group elementor-column elementor-field-group-tel elementor-col-100 elementor-field-required\">\n\t\t\t\t\t\t\t\t\t\t\t\t<label for=\"form-field-tel\" class=\"elementor-field-label elementor-screen-only\">\n\t\t\t\t\t\t\t\tContact\t\t\t\t\t\t\t<\/label>\n\t\t\t\t\t\t\t\t<input size=\"1\" type=\"tel\" name=\"form_fields[tel]\" id=\"form-field-tel\" class=\"elementor-field elementor-size-sm  elementor-field-textual\" placeholder=\"Contact\" required=\"required\" pattern=\"[0-9()#&amp;+*-=.]+\" title=\"Only numbers and phone characters (#, -, *, etc) are accepted.\">\n\n\t\t\t\t\t\t<\/div>\n\t\t\t\t\t\t\t\t<div class=\"elementor-field-type-textarea elementor-field-group elementor-column elementor-field-group-message elementor-col-100 elementor-field-required\">\n\t\t\t\t\t\t\t\t\t\t\t\t<label for=\"form-field-message\" class=\"elementor-field-label elementor-screen-only\">\n\t\t\t\t\t\t\t\tMessage\t\t\t\t\t\t\t<\/label>\n\t\t\t\t\t\t<textarea class=\"elementor-field-textual elementor-field  elementor-size-sm\" name=\"form_fields[message]\" id=\"form-field-message\" rows=\"6\" placeholder=\"Leave us a message\" required=\"required\"><\/textarea>\t\t\t\t<\/div>\n\t\t\t\t\t\t\t\t<div class=\"elementor-field-group elementor-column elementor-field-type-submit elementor-col-100 e-form__buttons\">\n\t\t\t\t\t<button class=\"elementor-button elementor-size-sm\" type=\"submit\">\n\t\t\t\t\t\t<span class=\"elementor-button-content-wrapper\">\n\t\t\t\t\t\t\t\t\t\t\t\t\t\t\t\t\t\t\t\t\t\t<span class=\"elementor-button-text\">SEND<\/span>\n\t\t\t\t\t\t\t\t\t\t\t\t\t<\/span>\n\t\t\t\t\t<\/button>\n\t\t\t\t<\/div>\n\t\t\t<\/div>\n\t\t<\/form>\n\t\t\t\t\t\t<\/div>\n\t\t\t\t<\/div>\n\t\t\t\t<\/div>\n\t\t<div data-animation-type=\"block\" class=\"elementor-element elementor-element-f6577cd e-con-full e-flex sc_layouts_column_icons_position_left animation_type_block elementor-invisible e-con e-child\" data-id=\"f6577cd\" data-element_type=\"container\" data-e-type=\"container\" data-settings=\"{&quot;animation&quot;:&quot;ta_fadeinup&quot;,&quot;animation_delay&quot;:100}\">\n\t\t\t\t<div class=\"elementor-element elementor-element-314a230 elementor-position-inline-start elementor-view-default elementor-mobile-position-block-start sc_fly_static elementor-widget elementor-widget-icon-box\" data-id=\"314a230\" data-element_type=\"widget\" data-e-type=\"widget\" data-widget_type=\"icon-box.default\">\n\t\t\t\t<div class=\"elementor-widget-container\">\n\t\t\t\t\t\t\t<div class=\"elementor-icon-box-wrapper\">\n\n\t\t\t\t\t\t<div class=\"elementor-icon-box-icon\">\n\t\t\t\t<span  class=\"elementor-icon\">\n\t\t\t\t<svg xmlns=\"http:\/\/www.w3.org\/2000\/svg\" width=\"29\" height=\"29\" viewBox=\"0 0 29 29\" fill=\"none\"><path d=\"M15.4715 0.424194V2.35263C17.3789 2.35263 19.1658 2.83474 20.8323 3.79896C22.4184 4.74309 23.6833 6.00863 24.6269 7.59557C25.5907 9.26286 26.0725 11.0507 26.0725 12.959H28C28 10.6891 27.4278 8.57988 26.2834 6.63135C25.1791 4.74309 23.6833 3.24654 21.796 2.14171C19.8485 0.996699 17.7403 0.424194 15.4715 0.424194ZM5.50296 3.31685C4.96086 3.31685 4.48903 3.4876 4.08748 3.82909L0.98548 6.99293L1.07583 6.93267C0.573887 7.35451 0.242605 7.8768 0.0819839 8.49952C-0.0585599 9.12225 -0.0184045 9.72488 0.20245 10.3074C0.764625 11.8743 1.51754 13.4813 2.46119 15.1285C3.78632 17.3985 5.36241 19.4374 7.18948 21.2453C10.1208 24.1982 13.7649 26.5284 18.1218 28.2359H18.1519C18.7341 28.4368 19.3164 28.4769 19.8987 28.3564C20.501 28.2359 21.033 27.9747 21.4948 27.573L24.5366 24.5297C24.9382 24.1279 25.1389 23.6357 25.1389 23.0532C25.1389 22.4506 24.9382 21.9484 24.5366 21.5466L20.5913 17.5692C20.1898 17.1674 19.6878 16.9666 19.0855 16.9666C18.4832 16.9666 17.9812 17.1674 17.5797 17.5692L15.6823 19.4976C14.1564 18.7745 12.8313 17.8806 11.707 16.8159C10.5826 15.7312 9.68915 14.4154 9.02659 12.8686L10.954 10.9402C11.3757 10.4983 11.5865 9.97598 11.5865 9.37335C11.5865 8.75062 11.3456 8.24843 10.8637 7.86676L10.954 7.95715L6.91843 3.82909C6.51688 3.4876 6.04506 3.31685 5.50296 3.31685ZM15.4715 4.28107V6.20951C16.6963 6.20951 17.8206 6.51082 18.8446 7.11346C19.8886 7.7161 20.7118 8.5397 21.3141 9.58427C21.9165 10.6088 22.2176 11.7337 22.2176 12.959H24.1451C24.1451 11.3922 23.7536 9.93581 22.9705 8.58992C22.1875 7.28421 21.1435 6.23964 19.8384 5.45621C18.4932 4.67278 17.0376 4.28107 15.4715 4.28107ZM5.50296 5.24529C5.56319 5.24529 5.63346 5.27542 5.71377 5.33568L9.65904 9.37335C9.67912 9.4537 9.65904 9.52401 9.5988 9.58427L6.73774 12.4167L6.94855 13.0193L7.34007 13.863C7.66131 14.546 8.03275 15.2089 8.45438 15.8517C9.03663 16.7556 9.67912 17.529 10.3818 18.1718C11.3255 19.0959 12.4599 19.9396 13.785 20.7029C14.4476 21.0846 15.0097 21.3658 15.4715 21.5466L16.0739 21.8178L18.9952 18.895C19.0353 18.8548 19.0654 18.8347 19.0855 18.8347C19.1056 18.8347 19.1357 18.8548 19.1759 18.895L23.2416 22.9628C23.2817 23.003 23.3018 23.0331 23.3018 23.0532C23.3018 23.0532 23.2817 23.0733 23.2416 23.1135L20.2299 26.0965C19.7882 26.4782 19.3064 26.5786 18.7843 26.3978C14.6885 24.8109 11.2753 22.6414 8.54473 19.8894C6.8582 18.202 5.38249 16.2836 4.1176 14.1342C3.2141 12.5874 2.51138 11.0909 2.00944 9.64453V9.6144C1.92913 9.43361 1.91909 9.22269 1.97932 8.98163C2.03956 8.72049 2.14999 8.51961 2.31061 8.379L5.29214 5.33568C5.35238 5.27542 5.42265 5.24529 5.50296 5.24529ZM15.4715 8.13794V10.0664C16.2746 10.0664 16.9573 10.3476 17.5194 10.9101C18.0816 11.4725 18.3627 12.1555 18.3627 12.959H20.2902C20.2902 12.0953 20.0693 11.2917 19.6276 10.5485C19.206 9.80524 18.6237 9.22269 17.8808 8.80084C17.138 8.35891 16.3349 8.13794 15.4715 8.13794Z\" fill=\"#0D0F11\"><\/path><\/svg>\t\t\t\t<\/span>\n\t\t\t<\/div>\n\t\t\t\n\t\t\t\t\t\t<div class=\"elementor-icon-box-content\">\n\n\t\t\t\t\t\t\t\t\t<h3 class=\"elementor-icon-box-title\">\n\t\t\t\t\t\t<span  >\n\t\t\t\t\t\t\tPhone\t\t\t\t\t\t<\/span>\n\t\t\t\t\t<\/h3>\n\t\t\t\t\n\t\t\t\t\t\t\t\t\t<p class=\"elementor-icon-box-description\">\n\t\t\t\t\t\t(+351) 296 916 736\n\n<\/br>\n\n<span style=\"font-size:12px\">(Call to national landline\/mobile network)<\/span>\t\t\t\t\t<\/p>\n\t\t\t\t\n\t\t\t<\/div>\n\t\t\t\n\t\t<\/div>\n\t\t\t\t\t\t<\/div>\n\t\t\t\t<\/div>\n\t\t\t\t<div class=\"elementor-element elementor-element-089288f elementor-position-inline-start elementor-view-default elementor-mobile-position-block-start sc_fly_static elementor-widget elementor-widget-icon-box\" data-id=\"089288f\" data-element_type=\"widget\" data-e-type=\"widget\" data-widget_type=\"icon-box.default\">\n\t\t\t\t<div class=\"elementor-widget-container\">\n\t\t\t\t\t\t\t<div class=\"elementor-icon-box-wrapper\">\n\n\t\t\t\t\t\t<div class=\"elementor-icon-box-icon\">\n\t\t\t\t<span  class=\"elementor-icon\">\n\t\t\t\t<svg xmlns=\"http:\/\/www.w3.org\/2000\/svg\" width=\"28\" height=\"28\" viewBox=\"0 0 28 28\" fill=\"none\"><path d=\"M7.95455 2.625V4.59624L1.75 8.63565V25.375H26.5682V8.63565L20.3636 4.59624V2.625H7.95455ZM10.0227 4.69318H18.2955V12.6428L14.1591 15.3249L10.0227 12.6428V4.69318ZM11.0568 6.76136V8.82955H17.2614V6.76136H11.0568ZM7.95455 7.0522V11.2855L4.6907 9.18501L7.95455 7.0522ZM20.3636 7.0522L23.6275 9.18501L20.3636 11.2855V7.0522ZM11.0568 9.86364V11.9318H17.2614V9.86364H11.0568ZM3.81818 11.0916L14.1591 17.7809L24.5 11.0916V23.3068H3.81818V11.0916Z\" fill=\"#0D0F11\"><\/path><\/svg>\t\t\t\t<\/span>\n\t\t\t<\/div>\n\t\t\t\n\t\t\t\t\t\t<div class=\"elementor-icon-box-content\">\n\n\t\t\t\t\t\t\t\t\t<h3 class=\"elementor-icon-box-title\">\n\t\t\t\t\t\t<span  >\n\t\t\t\t\t\t\tEmail\t\t\t\t\t\t<\/span>\n\t\t\t\t\t<\/h3>\n\t\t\t\t\n\t\t\t\t\t\t\t\t\t<p class=\"elementor-icon-box-description\">\n\t\t\t\t\t\tgeral@cvsm.pt\t\t\t\t\t<\/p>\n\t\t\t\t\n\t\t\t<\/div>\n\t\t\t\n\t\t<\/div>\n\t\t\t\t\t\t<\/div>\n\t\t\t\t<\/div>\n\t\t\t\t<\/div>\n\t\t\t\t<\/div>\n\t\t<div data-animation-type=\"block\" class=\"elementor-element elementor-element-4b95c64 e-con-full e-flex sc_layouts_column_icons_position_left animation_type_block elementor-invisible e-con e-child\" data-id=\"4b95c64\" data-element_type=\"container\" data-e-type=\"container\" data-settings=\"{&quot;animation&quot;:&quot;ta_fadeinup&quot;}\">\n\t\t\t\t<div class=\"elementor-element elementor-element-cb74b0d sc_fly_static elementor-widget elementor-widget-trx_sc_googlemap\" data-id=\"cb74b0d\" data-element_type=\"widget\" data-e-type=\"widget\" data-widget_type=\"trx_sc_googlemap.default\">\n\t\t\t\t<div class=\"elementor-widget-container\">\n\t\t\t\t\t<div id=\"sc_googlemap_2099367442_wrap\" class=\"sc_googlemap_wrap\"><div id=\"sc_googlemap_2099367442\"\t\t\tclass=\"sc_item_content sc_map sc_googlemap sc_googlemap_default trx_addons_inline_133729352\"\n\t\t\t \t\t\tdata-zoom=\"15\"\n\t\t\tdata-center=\"\"\n\t\t\tdata-style=\"default\"\n\t\t\tdata-map-id=\"\"\n\t\t\tdata-cluster-icon=\"\"\n\t\t\t><iframe\n\t\t\t\t\t\tsrc=\"https:\/\/maps.google.com\/maps?t=m&output=embed&iwloc=near&z=15&q=37.7481584%2C-25.5928351\"\n\t\t\t\t\t\taria-label=\"\"><\/iframe><\/div><\/div>\t\t\t\t<\/div>\n\t\t\t\t<\/div>\n\t\t\t\t<\/div>\n\t\t\t\t<\/div>\n\t\t\t\t\t<\/div>\n\t\t\t\t<\/div>\n\t\t\t\t<\/div>\n\t\t","protected":false},"excerpt":{"rendered":"<p>We are always available to assist you. Address Rua das Merc\u00eas, 299560-404 AtalhadaLagoa, A\u00e7ores&hellip;<\/p>\n","protected":false},"author":1,"featured_media":0,"parent":0,"menu_order":0,"comment_status":"closed","ping_status":"closed","template":"","meta":{"footnotes":""},"class_list":["post-6896","page","type-page","status-publish","hentry"],"yoast_head":"<!-- This site is optimized with the Yoast SEO plugin v27.3 - https:\/\/yoast.com\/product\/yoast-seo-wordpress\/ -->\n<title>Contacts - Cl\u00ednica Veterin\u00e1ria S\u00e3o Miguel<\/title>\n<meta name=\"description\" content=\"Get in touch with us quickly and easily. Our team is ready to provide professional, fast and reliable support.\" \/>\n<meta name=\"robots\" content=\"index, follow, max-snippet:-1, max-image-preview:large, max-video-preview:-1\" \/>\n<link rel=\"canonical\" href=\"https:\/\/cvsm.belmas.com.br\/en\/contacts\/\" \/>\n<meta property=\"og:locale\" content=\"en_US\" \/>\n<meta property=\"og:type\" content=\"article\" \/>\n<meta property=\"og:title\" content=\"Contacts - Cl\u00ednica Veterin\u00e1ria S\u00e3o Miguel\" \/>\n<meta property=\"og:description\" content=\"Get in touch with us quickly and easily. Our team is ready to provide professional, fast and reliable support.\" \/>\n<meta property=\"og:url\" content=\"https:\/\/cvsm.belmas.com.br\/en\/contacts\/\" \/>\n<meta property=\"og:site_name\" content=\"Cl\u00ednica Veterin\u00e1ria S\u00e3o Miguel\" \/>\n<meta property=\"article:modified_time\" content=\"2026-03-11T16:19:14+00:00\" \/>\n<meta name=\"twitter:card\" content=\"summary_large_image\" \/>\n<meta name=\"twitter:label1\" content=\"Est. reading time\" \/>\n\t<meta name=\"twitter:data1\" content=\"1 minute\" \/>\n<script type=\"application\/ld+json\" class=\"yoast-schema-graph\">{\"@context\":\"https:\\\/\\\/schema.org\",\"@graph\":[{\"@type\":\"WebPage\",\"@id\":\"https:\\\/\\\/cvsm.belmas.com.br\\\/en\\\/contacts\\\/\",\"url\":\"https:\\\/\\\/cvsm.belmas.com.br\\\/en\\\/contacts\\\/\",\"name\":\"Contacts - Cl\u00ednica Veterin\u00e1ria S\u00e3o Miguel\",\"isPartOf\":{\"@id\":\"https:\\\/\\\/cvsm.belmas.com.br\\\/en\\\/#website\"},\"datePublished\":\"2025-11-20T22:30:10+00:00\",\"dateModified\":\"2026-03-11T16:19:14+00:00\",\"description\":\"Get in touch with us quickly and easily. Our team is ready to provide professional, fast and reliable support.\",\"breadcrumb\":{\"@id\":\"https:\\\/\\\/cvsm.belmas.com.br\\\/en\\\/contacts\\\/#breadcrumb\"},\"inLanguage\":\"en-US\",\"potentialAction\":[{\"@type\":\"ReadAction\",\"target\":[\"https:\\\/\\\/cvsm.belmas.com.br\\\/en\\\/contacts\\\/\"]}]},{\"@type\":\"BreadcrumbList\",\"@id\":\"https:\\\/\\\/cvsm.belmas.com.br\\\/en\\\/contacts\\\/#breadcrumb\",\"itemListElement\":[{\"@type\":\"ListItem\",\"position\":1,\"name\":\"In\u00edcio\",\"item\":\"https:\\\/\\\/cvsm.belmas.com.br\\\/en\\\/homepage\\\/\"},{\"@type\":\"ListItem\",\"position\":2,\"name\":\"Contacts\"}]},{\"@type\":\"WebSite\",\"@id\":\"https:\\\/\\\/cvsm.belmas.com.br\\\/en\\\/#website\",\"url\":\"https:\\\/\\\/cvsm.belmas.com.br\\\/en\\\/\",\"name\":\"Cl\u00ednica Veterin\u00e1ria S\u00e3o Miguel\",\"description\":\"\",\"publisher\":{\"@id\":\"https:\\\/\\\/cvsm.belmas.com.br\\\/en\\\/#organization\"},\"potentialAction\":[{\"@type\":\"SearchAction\",\"target\":{\"@type\":\"EntryPoint\",\"urlTemplate\":\"https:\\\/\\\/cvsm.belmas.com.br\\\/en\\\/?s={search_term_string}\"},\"query-input\":{\"@type\":\"PropertyValueSpecification\",\"valueRequired\":true,\"valueName\":\"search_term_string\"}}],\"inLanguage\":\"en-US\"},{\"@type\":\"Organization\",\"@id\":\"https:\\\/\\\/cvsm.belmas.com.br\\\/en\\\/#organization\",\"name\":\"Cl\u00ednica Veterin\u00e1ria S\u00e3o Miguel\",\"url\":\"https:\\\/\\\/cvsm.belmas.com.br\\\/en\\\/\",\"logo\":{\"@type\":\"ImageObject\",\"inLanguage\":\"en-US\",\"@id\":\"https:\\\/\\\/cvsm.belmas.com.br\\\/en\\\/#\\\/schema\\\/logo\\\/image\\\/\",\"url\":\"https:\\\/\\\/cvsm.belmas.com.br\\\/wp-content\\\/uploads\\\/2024\\\/10\\\/logo-cvsm.png\",\"contentUrl\":\"https:\\\/\\\/cvsm.belmas.com.br\\\/wp-content\\\/uploads\\\/2024\\\/10\\\/logo-cvsm.png\",\"width\":556,\"height\":272,\"caption\":\"Cl\u00ednica Veterin\u00e1ria S\u00e3o Miguel\"},\"image\":{\"@id\":\"https:\\\/\\\/cvsm.belmas.com.br\\\/en\\\/#\\\/schema\\\/logo\\\/image\\\/\"}}]}<\/script>\n<!-- \/ Yoast SEO plugin. -->","yoast_head_json":{"title":"Contacts - Cl\u00ednica Veterin\u00e1ria S\u00e3o Miguel","description":"Get in touch with us quickly and easily. Our team is ready to provide professional, fast and reliable support.","robots":{"index":"index","follow":"follow","max-snippet":"max-snippet:-1","max-image-preview":"max-image-preview:large","max-video-preview":"max-video-preview:-1"},"canonical":"https:\/\/cvsm.belmas.com.br\/en\/contacts\/","og_locale":"en_US","og_type":"article","og_title":"Contacts - Cl\u00ednica Veterin\u00e1ria S\u00e3o Miguel","og_description":"Get in touch with us quickly and easily. Our team is ready to provide professional, fast and reliable support.","og_url":"https:\/\/cvsm.belmas.com.br\/en\/contacts\/","og_site_name":"Cl\u00ednica Veterin\u00e1ria S\u00e3o Miguel","article_modified_time":"2026-03-11T16:19:14+00:00","twitter_card":"summary_large_image","twitter_misc":{"Est. reading time":"1 minute"},"schema":{"@context":"https:\/\/schema.org","@graph":[{"@type":"WebPage","@id":"https:\/\/cvsm.belmas.com.br\/en\/contacts\/","url":"https:\/\/cvsm.belmas.com.br\/en\/contacts\/","name":"Contacts - Cl\u00ednica Veterin\u00e1ria S\u00e3o Miguel","isPartOf":{"@id":"https:\/\/cvsm.belmas.com.br\/en\/#website"},"datePublished":"2025-11-20T22:30:10+00:00","dateModified":"2026-03-11T16:19:14+00:00","description":"Get in touch with us quickly and easily. Our team is ready to provide professional, fast and reliable support.","breadcrumb":{"@id":"https:\/\/cvsm.belmas.com.br\/en\/contacts\/#breadcrumb"},"inLanguage":"en-US","potentialAction":[{"@type":"ReadAction","target":["https:\/\/cvsm.belmas.com.br\/en\/contacts\/"]}]},{"@type":"BreadcrumbList","@id":"https:\/\/cvsm.belmas.com.br\/en\/contacts\/#breadcrumb","itemListElement":[{"@type":"ListItem","position":1,"name":"In\u00edcio","item":"https:\/\/cvsm.belmas.com.br\/en\/homepage\/"},{"@type":"ListItem","position":2,"name":"Contacts"}]},{"@type":"WebSite","@id":"https:\/\/cvsm.belmas.com.br\/en\/#website","url":"https:\/\/cvsm.belmas.com.br\/en\/","name":"Cl\u00ednica Veterin\u00e1ria S\u00e3o Miguel","description":"","publisher":{"@id":"https:\/\/cvsm.belmas.com.br\/en\/#organization"},"potentialAction":[{"@type":"SearchAction","target":{"@type":"EntryPoint","urlTemplate":"https:\/\/cvsm.belmas.com.br\/en\/?s={search_term_string}"},"query-input":{"@type":"PropertyValueSpecification","valueRequired":true,"valueName":"search_term_string"}}],"inLanguage":"en-US"},{"@type":"Organization","@id":"https:\/\/cvsm.belmas.com.br\/en\/#organization","name":"Cl\u00ednica Veterin\u00e1ria S\u00e3o Miguel","url":"https:\/\/cvsm.belmas.com.br\/en\/","logo":{"@type":"ImageObject","inLanguage":"en-US","@id":"https:\/\/cvsm.belmas.com.br\/en\/#\/schema\/logo\/image\/","url":"https:\/\/cvsm.belmas.com.br\/wp-content\/uploads\/2024\/10\/logo-cvsm.png","contentUrl":"https:\/\/cvsm.belmas.com.br\/wp-content\/uploads\/2024\/10\/logo-cvsm.png","width":556,"height":272,"caption":"Cl\u00ednica Veterin\u00e1ria S\u00e3o Miguel"},"image":{"@id":"https:\/\/cvsm.belmas.com.br\/en\/#\/schema\/logo\/image\/"}}]}},"_links":{"self":[{"href":"https:\/\/cvsm.belmas.com.br\/en\/wp-json\/wp\/v2\/pages\/6896","targetHints":{"allow":["GET"]}}],"collection":[{"href":"https:\/\/cvsm.belmas.com.br\/en\/wp-json\/wp\/v2\/pages"}],"about":[{"href":"https:\/\/cvsm.belmas.com.br\/en\/wp-json\/wp\/v2\/types\/page"}],"author":[{"embeddable":true,"href":"https:\/\/cvsm.belmas.com.br\/en\/wp-json\/wp\/v2\/users\/1"}],"replies":[{"embeddable":true,"href":"https:\/\/cvsm.belmas.com.br\/en\/wp-json\/wp\/v2\/comments?post=6896"}],"version-history":[{"count":0,"href":"https:\/\/cvsm.belmas.com.br\/en\/wp-json\/wp\/v2\/pages\/6896\/revisions"}],"wp:attachment":[{"href":"https:\/\/cvsm.belmas.com.br\/en\/wp-json\/wp\/v2\/media?parent=6896"}],"curies":[{"name":"wp","href":"https:\/\/api.w.org\/{rel}","templated":true}]}}